{"id":57,"date":"2019-12-17T13:47:11","date_gmt":"2019-12-17T12:47:11","guid":{"rendered":"https:\/\/www.aquaa.it\/?page_id=57"},"modified":"2019-12-17T13:47:11","modified_gmt":"2019-12-17T12:47:11","slug":"chi-siamo","status":"publish","type":"page","link":"https:\/\/www.aquaa.it\/?page_id=57","title":{"rendered":"Chi siamo"},"content":{"rendered":"\n<p>L&#8217;<a href=\"http:\/\/accademiadellacrusca.it\" title=\"\">Accademia della Crusca<\/a> e l&#8217;<a href=\"http:\/\/www.ittig.cnr.it\" title=\"\">Istituto di teoria e tecniche dell&#8217;informazione giuridica del CNR<\/a> hanno prodotto una Guida alla redazione degli atti amministrativi; un insieme di regole e suggerimenti che vogliono aiutare i funzionari pubblici nella spesso complessa compilazione degli atti amministrativi. La Guida sta gi\u00e0 avendo larga diffusione presso molti enti locali e tra le amministrazioni statali.<\/p>\n\n\n\n<p> I due prestigiosi enti proprio per promuovere la diffusione di questo nuovo strumento e formare i dipendenti pubblici al suo utilizzo hanno dato vita all&#8217;<strong>A<\/strong>ssociazione per la <strong>Qu<\/strong>alit\u00e0 degli <strong>A<\/strong>tti <strong>A<\/strong>mministrativi (<strong>AQuAA<\/strong>).<\/p>\n\n\n\n<p>\n\tL&#8217;associazione si \u00e8 data questo nome perch\u00e8 non intende limitare le proprie attivit\u00e0 alla diffusione della Guida ma anche dar vita ad innovative iniziative scientifiche e tecnologiche per la semplificazione e la trasparenza dell&#8217;informazione amministrativa.<\/p>\n\n\n\n<p>\n\tL&#8217;associazione ha attualmente come soci, oltre ai due soggetti fondatori, alcuni degli studiosi che hanno partecipato alla stesura della Guida, ma \u00e8 aperta all&#8217;adesione di altri esperti e di tutti i funzionari pubblici interessati a migliorare la qualit\u00e0 degli atti amministrativi e a semplificarne forme e contenuti.<\/p>\n","protected":false},"excerpt":{"rendered":"<p>L&#8217;Accademia della Crusca e l&#8217;Istituto di teoria e tecniche dell&#8217;informazione giuridica del CNR hanno prodotto una Guida alla redazione degli atti amministrativi; un insieme di regole e suggerimenti che vogliono aiutare i funzionari pubblici nella spesso complessa compilazione degli atti <a href=\"https:\/\/www.aquaa.it\/?page_id=57\"> Read more&#8230;<\/a><\/p>\n","protected":false},"author":1,"featured_media":0,"parent":0,"menu_order":0,"comment_status":"closed","ping_status":"closed","template":"","meta":{"footnotes":""},"class_list":["post-57","page","type-page","status-publish","hentry"],"_links":{"self":[{"href":"https:\/\/www.aquaa.it\/index.php?rest_route=\/wp\/v2\/pages\/57","targetHints":{"allow":["GET"]}}],"collection":[{"href":"https:\/\/www.aquaa.it\/index.php?rest_route=\/wp\/v2\/pages"}],"about":[{"href":"https:\/\/www.aquaa.it\/index.php?rest_route=\/wp\/v2\/types\/page"}],"author":[{"embeddable":true,"href":"https:\/\/www.aquaa.it\/index.php?rest_route=\/wp\/v2\/users\/1"}],"replies":[{"embeddable":true,"href":"https:\/\/www.aquaa.it\/index.php?rest_route=%2Fwp%2Fv2%2Fcomments&post=57"}],"version-history":[{"count":1,"href":"https:\/\/www.aquaa.it\/index.php?rest_route=\/wp\/v2\/pages\/57\/revisions"}],"predecessor-version":[{"id":59,"href":"https:\/\/www.aquaa.it\/index.php?rest_route=\/wp\/v2\/pages\/57\/revisions\/59"}],"wp:attachment":[{"href":"https:\/\/www.aquaa.it\/index.php?rest_route=%2Fwp%2Fv2%2Fmedia&parent=57"}],"curies":[{"name":"wp","href":"https:\/\/api.w.org\/{rel}","templated":true}]}}