{"id":77,"date":"2019-12-17T14:05:31","date_gmt":"2019-12-17T13:05:31","guid":{"rendered":"https:\/\/www.aquaa.it\/?page_id=77"},"modified":"2025-05-06T15:03:48","modified_gmt":"2025-05-06T13:03:48","slug":"notiziario","status":"publish","type":"page","link":"https:\/\/www.aquaa.it\/?page_id=77","title":{"rendered":"Notiziario"},"content":{"rendered":"\n<p><strong>Ultimo numero<\/strong>:  <a href=\"https:\/\/www.aquaa.it\/wp-content\/uploads\/2025\/05\/Notiziario-Aprile-2025.pdf\" data-type=\"attachment\" data-id=\"359\">Notiziario n. 59 &#8211; aprile 2025<\/a><\/p>\n\n\n\n<p>I numeri passati si trovano nella sezione <a href=\"https:\/\/www.aquaa.it\/?page_id=173\">Archivio notiziari<\/a>.<\/p>\n\n\n\n<p>L\u2019Associazione per la qualit\u00e0 degli atti amministrativi (AQuAA) conta ormai oltre cinquanta iscritti e ci sono sempre nuove richieste d\u2019adesione. I soci sono funzionari della pubblica amministrazione, docenti universitari, professionisti ed esperti che vogliono contribuire a diffondere regole e tecniche per il miglioramento della qualit\u00e0 degli atti amministrativi. Qualit\u00e0 intesa sia sotto il profilo della legittimit\u00e0, sia sotto quello della capacit\u00e0 comunicativa. L\u2019atto amministrativo infatti \u00e8 anche lo strumento principale attraverso cui la pubblica amministrazione comunica la sua azione di governo ai cittadini. \u00c8 quindi indispensabile che l&#8217;atto sia comprensibile per semplificare rapporti spesso farraginosi, evitare contenziosi, far partecipare i cittadini all\u2019azione amministrativa.<\/p>\n\n\n\n<p>Proprio considerando il numero sempre crescente di adesioni, il direttivo dell\u2019Associazione ha deciso di dar vita a un notiziario che serva prima di tutto a costruire uno spirito di condivisione e collaborazione necessario alla vita dell\u2019Associazione e in secondo luogo a far circolare notizie relative a eventi, documenti, libri, articoli, novit\u00e0 normative riguardanti la qualit\u00e0 degli atti amministrativi e legislativi e il linguaggio in relazione al diritto.<\/p>\n\n\n\n<p>Il Notiziario digitale, curato da un Comitato di redazione, avr\u00e0, per il momento, cadenza bimestrale e uscir\u00e0 di norma entro la prima settimana del mese.<\/p>\n\n\n\n<p>Tutti i soci e coloro che sono interessati alla materia potranno inviare per la pubblicazione informazioni e documenti e sono invitati a sottoporre loro contributi al Comitato di redazione tramite l&#8217;invio di una e-mail a info at aquaa.it.<\/p>\n\n\n\n<p><\/p>\n","protected":false},"excerpt":{"rendered":"<p>Ultimo numero: Notiziario n. 59 &#8211; aprile 2025 I numeri passati si trovano nella sezione Archivio notiziari. L\u2019Associazione per la qualit\u00e0 degli atti amministrativi (AQuAA) conta ormai oltre cinquanta iscritti e ci sono sempre nuove richieste d\u2019adesione. I soci sono <a href=\"https:\/\/www.aquaa.it\/?page_id=77\"> Read more&#8230;<\/a><\/p>\n","protected":false},"author":1,"featured_media":0,"parent":0,"menu_order":0,"comment_status":"closed","ping_status":"closed","template":"","meta":{"footnotes":""},"class_list":["post-77","page","type-page","status-publish","hentry"],"_links":{"self":[{"href":"https:\/\/www.aquaa.it\/index.php?rest_route=\/wp\/v2\/pages\/77","targetHints":{"allow":["GET"]}}],"collection":[{"href":"https:\/\/www.aquaa.it\/index.php?rest_route=\/wp\/v2\/pages"}],"about":[{"href":"https:\/\/www.aquaa.it\/index.php?rest_route=\/wp\/v2\/types\/page"}],"author":[{"embeddable":true,"href":"https:\/\/www.aquaa.it\/index.php?rest_route=\/wp\/v2\/users\/1"}],"replies":[{"embeddable":true,"href":"https:\/\/www.aquaa.it\/index.php?rest_route=%2Fwp%2Fv2%2Fcomments&post=77"}],"version-history":[{"count":51,"href":"https:\/\/www.aquaa.it\/index.php?rest_route=\/wp\/v2\/pages\/77\/revisions"}],"predecessor-version":[{"id":364,"href":"https:\/\/www.aquaa.it\/index.php?rest_route=\/wp\/v2\/pages\/77\/revisions\/364"}],"wp:attachment":[{"href":"https:\/\/www.aquaa.it\/index.php?rest_route=%2Fwp%2Fv2%2Fmedia&parent=77"}],"curies":[{"name":"wp","href":"https:\/\/api.w.org\/{rel}","templated":true}]}}